{"id":58,"date":"2018-12-01T19:07:57","date_gmt":"2018-12-01T18:07:57","guid":{"rendered":"https:\/\/www.kuestenwanderweg-marseille.de\/?page_id=58"},"modified":"2019-12-17T16:06:00","modified_gmt":"2019-12-17T15:06:00","slug":"sobre-nosotros","status":"publish","type":"page","link":"https:\/\/www.kuestenwanderweg-marseille.de\/es\/ueber-uns\/","title":{"rendered":"Sobre nosotros"},"content":{"rendered":"<div id=\"pl-58\"  class=\"panel-layout\" ><div id=\"pg-58-0\"  class=\"panel-grid panel-no-style\" ><div id=\"pgc-58-0-0\"  class=\"panel-grid-cell\" ><div id=\"panel-58-0-0-0\" class=\"so-panel widget widget_sow-editor panel-first-child panel-last-child\" data-index=\"0\" ><div\n\t\t\t\n\t\t\tclass=\"so-widget-sow-editor so-widget-sow-editor-base\"\n\t\t\t\n\t\t>\n<div class=\"siteorigin-widget-tinymce textwidget\">\n\t<p>Somos entusiastas del senderismo de larga distancia y nos encanta estar en la naturaleza durante unos d\u00edas de vacaciones s\u00f3lo con nuestras mochilas. Desde hace unos a\u00f1os, tambi\u00e9n somos aficionados a las desconocidas rutas de senderismo de largo recorrido del Mediterr\u00e1neo.<\/p>\n<p>La combinaci\u00f3n de monta\u00f1a y mar y la posibilidad de alojarse en alojamientos hermosos y en su mayor\u00eda muy individuales son siempre un motivo para so\u00f1ar con las pr\u00f3ximas vacaciones de senderismo.<\/p>\n<p>Sin embargo, a menudo tuvimos que investigar mucho antes de las vacaciones y a veces nos sorprendi\u00f3 que algunas rutas de senderismo est\u00e1n excelentemente trazadas y bien se\u00f1alizadas en el lugar, pero al mismo tiempo son completamente desconocidas en Internet.<\/p>\n<p>Los editores de libros de actividades al aire libre y de senderismo tambi\u00e9n parecen ignorar en gran medida las rutas de senderismo mediterr\u00e1neas de larga distancia que tanto nos gustan: Es de suponer que las rutas de senderismo con cinco o diez etapas son demasiado cortas para llenar un libro entero. Y el grupo objetivo potencial es, naturalmente, m\u00e1s peque\u00f1o que el de los libros de senderismo, que se dirigen principalmente a los excursionistas de un d\u00eda.<\/p>\n<p>Por eso, en alg\u00fan momento empezamos a documentar en Internet una de nuestras vacaciones de senderismo, para darnos a conocer. Las numerosas reacciones positivas nos han animado a seguir con esta idea, y mientras tanto se han creado varias gu\u00edas de senderismo en l\u00ednea m\u00e1s. Aqu\u00ed puede encontrar un resumen actual de nuestros proyectos de senderismo:<\/p>\n<p><a href=\"https:\/\/www.wanderndeluxe.de\/fernwanderwege\/\" target=\"_blank\" rel=\"noopener\">www.wanderndeluxe.de\/fernwanderwege\/<\/a><\/p>\n<p>Estamos deseando compartir nuestro entusiasmo por el senderismo con usted.<\/p>\n<\/div>\n<\/div><\/div><\/div><div id=\"pgc-58-0-1\"  class=\"panel-grid-cell\" ><div id=\"panel-58-0-1-0\" class=\"so-panel widget widget_sow-image panel-first-child panel-last-child\" data-index=\"1\" ><div\n\t\t\t\n\t\t\tclass=\"so-widget-sow-image so-widget-sow-image-default-8b5b6f678277-58\"\n\t\t\t\n\t\t>\n<div class=\"sow-image-container\">\n\t\t\t<a href=\"https:\/\/www.kuestenwanderweg-marseille.de\/wp-content\/uploads\/wanderndeluxe-\u00fcber-uns.jpg\">\n\t\t\t<img \n\tsrc=\"https:\/\/www.kuestenwanderweg-marseille.de\/wp-content\/uploads\/wanderndeluxe-\u00fcber-uns.jpg\" width=\"800\" height=\"800\" srcset=\"https:\/\/www.kuestenwanderweg-marseille.de\/wp-content\/uploads\/wanderndeluxe-\u00fcber-uns.jpg 800w, https:\/\/www.kuestenwanderweg-marseille.de\/wp-content\/uploads\/wanderndeluxe-\u00fcber-uns-200x200.jpg 200w, https:\/\/www.kuestenwanderweg-marseille.de\/wp-content\/uploads\/wanderndeluxe-\u00fcber-uns-500x500.jpg 500w, https:\/\/www.kuestenwanderweg-marseille.de\/wp-content\/uploads\/wanderndeluxe-\u00fcber-uns-768x768.jpg 768w\" sizes=\"(max-width: 800px) 100vw, 800px\" alt=\"\" \t\tclass=\"so-widget-image\"\/>\n\t\t\t<\/a><\/div>\n\n<\/div><\/div><\/div><\/div><\/div>","protected":false},"excerpt":{"rendered":"<p>Wir sind begeisterte Fern-Wanderer und lieben es, im Urlaub f\u00fcr einige Tage nur mit dem Rucksack in der Natur unterwegs zu sein!\u00a0Seit einigen Jahren haben es uns zudem die eher unbekannten, mediterranen Fernwanderwege angetan. Die Kombination von Bergen und Meer\u00a0und die M\u00f6glichkeit, in sch\u00f6nen und meist sehr individuellen Unterk\u00fcnften\u00a0zu \u00fcbernachten, sind f\u00fcr uns immer wieder [&hellip;]<\/p>\n","protected":false},"author":1,"featured_media":0,"parent":0,"menu_order":0,"comment_status":"closed","ping_status":"closed","template":"","meta":{"footnotes":""},"class_list":["post-58","page","type-page","status-publish","hentry","post"],"_links":{"self":[{"href":"https:\/\/www.kuestenwanderweg-marseille.de\/es\/wp-json\/wp\/v2\/pages\/58","targetHints":{"allow":["GET"]}}],"collection":[{"href":"https:\/\/www.kuestenwanderweg-marseille.de\/es\/wp-json\/wp\/v2\/pages"}],"about":[{"href":"https:\/\/www.kuestenwanderweg-marseille.de\/es\/wp-json\/wp\/v2\/types\/page"}],"author":[{"embeddable":true,"href":"https:\/\/www.kuestenwanderweg-marseille.de\/es\/wp-json\/wp\/v2\/users\/1"}],"replies":[{"embeddable":true,"href":"https:\/\/www.kuestenwanderweg-marseille.de\/es\/wp-json\/wp\/v2\/comments?post=58"}],"version-history":[{"count":0,"href":"https:\/\/www.kuestenwanderweg-marseille.de\/es\/wp-json\/wp\/v2\/pages\/58\/revisions"}],"wp:attachment":[{"href":"https:\/\/www.kuestenwanderweg-marseille.de\/es\/wp-json\/wp\/v2\/media?parent=58"}],"curies":[{"name":"wp","href":"https:\/\/api.w.org\/{rel}","templated":true}]}}