{"id":54,"date":"2018-12-01T19:03:33","date_gmt":"2018-12-01T18:03:33","guid":{"rendered":"https:\/\/www.kuestenwanderweg-marseille.de\/?page_id=54"},"modified":"2022-08-07T09:46:53","modified_gmt":"2022-08-07T07:46:53","slug":"pagina-iniziale","status":"publish","type":"page","link":"https:\/\/www.kuestenwanderweg-marseille.de\/it\/","title":{"rendered":"Homepage"},"content":{"rendered":"<div id=\"pl-54\"  class=\"panel-layout\" ><div id=\"pg-54-0\"  class=\"panel-grid panel-no-style\" ><div id=\"pgc-54-0-0\"  class=\"panel-grid-cell\" ><div id=\"panel-54-0-0-0\" class=\"so-panel widget widget_sow-features panel-first-child panel-last-child\" data-index=\"0\" ><div\n\t\t\t\n\t\t\tclass=\"so-widget-sow-features so-widget-sow-features-default-9014bc8a9e25-54\"\n\t\t\t\n\t\t><ul\n\tclass=\"sow-features-list\tsow-features-responsive\">\n\n\t\t\t<li\n\t\t\tclass=\"sow-features-feature sow-icon-container-position-top\"\n\t\t\tstyle=\"display: flex; flex-direction: column; width: calc(16.667% - 25px);\"\n\t\t>\n\t\t\t\n\t\t\t\t\t\t<a\t\t\t\tclass=\"sow-icon-container sow-container-round\"\n\t\t\t\tstyle=\"color: #bababa; \"\n\t\t\t\t\n\t\t\t\t\t\t\t\t\thref=\"https:\/\/www.kuestenwanderweg-marseille.de\/it\/categoria-3\/punti-salienti\/\"\n\t\t\t\t\t\t\t\t>\n\t\t\t\t<span class=\"sow-icon-fontawesome sow-fas\" data-sow-icon=\"&#xf030;\"\n\t\tstyle=\"font-size: 24px; color: #757575\" \n\t\taria-hidden=\"true\"><\/span>\t\t\t<\/a>\n\n\t\t\t<div class=\"textwidget\">\n\t\t\t\t\n\t\t\t\t\t\t\t\t\t<h5 class=\"sow-features-feature-title\">\n\t\t\t\t\t\t\t\t\t\t\t\t\t<a\n\t\t\t\t\t\t\t\thref=\"https:\/\/www.kuestenwanderweg-marseille.de\/it\/categoria-3\/punti-salienti\/\"\n\t\t\t\t\t\t\t\t\t\t\t\t\t\t\t>\n\t\t\t\t\t\t\tPunti salienti\t\t\t\t\t\t\t<\/a>\n\t\t\t\t\t\t\t\t\t\t\t\t<\/h5>\n\t\t\t\t\n\t\t\t\t\t\t\t<\/div>\n\t\t\t\t\t\t\t\t<\/li>\n\n\t\t\t<li\n\t\t\tclass=\"sow-features-feature sow-icon-container-position-top\"\n\t\t\tstyle=\"display: flex; flex-direction: column; width: calc(16.667% - 25px);\"\n\t\t>\n\t\t\t\n\t\t\t\t\t\t<a\t\t\t\tclass=\"sow-icon-container sow-container-round\"\n\t\t\t\tstyle=\"color: #bababa; \"\n\t\t\t\t\n\t\t\t\t\t\t\t\t\thref=\"https:\/\/www.kuestenwanderweg-marseille.de\/it\/categoria-3\/tappe\/\"\n\t\t\t\t\t\t\t\t>\n\t\t\t\t<span class=\"sow-icon-fontawesome sow-fas\" data-sow-icon=\"&#xf00b;\"\n\t\tstyle=\"font-size: 24px; color: #757575\" \n\t\taria-hidden=\"true\"><\/span>\t\t\t<\/a>\n\n\t\t\t<div class=\"textwidget\">\n\t\t\t\t\n\t\t\t\t\t\t\t\t\t<h5 class=\"sow-features-feature-title\">\n\t\t\t\t\t\t\t\t\t\t\t\t\t<a\n\t\t\t\t\t\t\t\thref=\"https:\/\/www.kuestenwanderweg-marseille.de\/it\/categoria-3\/tappe\/\"\n\t\t\t\t\t\t\t\t\t\t\t\t\t\t\t>\n\t\t\t\t\t\t\tFasi\t\t\t\t\t\t\t<\/a>\n\t\t\t\t\t\t\t\t\t\t\t\t<\/h5>\n\t\t\t\t\n\t\t\t\t\t\t\t<\/div>\n\t\t\t\t\t\t\t\t<\/li>\n\n\t\t\t<li\n\t\t\tclass=\"sow-features-feature sow-icon-container-position-top\"\n\t\t\tstyle=\"display: flex; flex-direction: column; width: calc(16.667% - 25px);\"\n\t\t>\n\t\t\t\n\t\t\t\t\t\t<a\t\t\t\tclass=\"sow-icon-container sow-container-round\"\n\t\t\t\tstyle=\"color: #bababa; \"\n\t\t\t\t\n\t\t\t\t\t\t\t\t\thref=\"https:\/\/www.kuestenwanderweg-marseille.de\/it\/categoria-3\/vale-la-pena-di-conoscere\/\"\n\t\t\t\t\t\t\t\t>\n\t\t\t\t<span class=\"sow-icon-fontawesome sow-fas\" data-sow-icon=\"&#xf02d;\"\n\t\tstyle=\"font-size: 24px; color: #757575\" \n\t\taria-hidden=\"true\"><\/span>\t\t\t<\/a>\n\n\t\t\t<div class=\"textwidget\">\n\t\t\t\t\n\t\t\t\t\t\t\t\t\t<h5 class=\"sow-features-feature-title\">\n\t\t\t\t\t\t\t\t\t\t\t\t\t<a\n\t\t\t\t\t\t\t\thref=\"https:\/\/www.kuestenwanderweg-marseille.de\/it\/categoria-3\/vale-la-pena-di-conoscere\/\"\n\t\t\t\t\t\t\t\t\t\t\t\t\t\t\t>\n\t\t\t\t\t\t\tCose da sapere\t\t\t\t\t\t\t<\/a>\n\t\t\t\t\t\t\t\t\t\t\t\t<\/h5>\n\t\t\t\t\n\t\t\t\t\t\t\t<\/div>\n\t\t\t\t\t\t\t\t<\/li>\n\n\t\t\t<li\n\t\t\tclass=\"sow-features-feature sow-icon-container-position-top\"\n\t\t\tstyle=\"display: flex; flex-direction: column; width: calc(16.667% - 25px);\"\n\t\t>\n\t\t\t\n\t\t\t\t\t\t<a\t\t\t\tclass=\"sow-icon-container sow-container-round\"\n\t\t\t\tstyle=\"color: #bababa; \"\n\t\t\t\t\n\t\t\t\t\t\t\t\t\thref=\"https:\/\/www.kuestenwanderweg-marseille.de\/it\/download-di-materiale-cartografico\/\"\n\t\t\t\t\t\t\t\t>\n\t\t\t\t<span class=\"sow-icon-fontawesome sow-fas\" data-sow-icon=\"&#xf14e;\"\n\t\tstyle=\"font-size: 24px; color: #757575\" \n\t\taria-hidden=\"true\"><\/span>\t\t\t<\/a>\n\n\t\t\t<div class=\"textwidget\">\n\t\t\t\t\n\t\t\t\t\t\t\t\t\t<h5 class=\"sow-features-feature-title\">\n\t\t\t\t\t\t\t\t\t\t\t\t\t<a\n\t\t\t\t\t\t\t\thref=\"https:\/\/www.kuestenwanderweg-marseille.de\/it\/download-di-materiale-cartografico\/\"\n\t\t\t\t\t\t\t\t\t\t\t\t\t\t\t>\n\t\t\t\t\t\t\tMateriale della mappa\t\t\t\t\t\t\t<\/a>\n\t\t\t\t\t\t\t\t\t\t\t\t<\/h5>\n\t\t\t\t\n\t\t\t\t\t\t\t<\/div>\n\t\t\t\t\t\t\t\t<\/li>\n\n\t\t\t<li\n\t\t\tclass=\"sow-features-feature sow-icon-container-position-top\"\n\t\t\tstyle=\"display: flex; flex-direction: column; width: calc(16.667% - 25px);\"\n\t\t>\n\t\t\t\n\t\t\t\t\t\t<a\t\t\t\tclass=\"sow-icon-container sow-container-round\"\n\t\t\t\tstyle=\"color: #bababa; \"\n\t\t\t\t\n\t\t\t\t\t\t\t\t\thref=\"https:\/\/www.kuestenwanderweg-marseille.de\/it\/categoria-3\/alloggio\/\"\n\t\t\t\t\t\t\t\t>\n\t\t\t\t<span class=\"sow-icon-fontawesome sow-fas\" data-sow-icon=\"&#xf236;\"\n\t\tstyle=\"font-size: 24px; color: #757575\" \n\t\taria-hidden=\"true\"><\/span>\t\t\t<\/a>\n\n\t\t\t<div class=\"textwidget\">\n\t\t\t\t\n\t\t\t\t\t\t\t\t\t<h5 class=\"sow-features-feature-title\">\n\t\t\t\t\t\t\t\t\t\t\t\t\t<a\n\t\t\t\t\t\t\t\thref=\"https:\/\/www.kuestenwanderweg-marseille.de\/it\/categoria-3\/alloggio\/\"\n\t\t\t\t\t\t\t\t\t\t\t\t\t\t\t>\n\t\t\t\t\t\t\tSistemazione\t\t\t\t\t\t\t<\/a>\n\t\t\t\t\t\t\t\t\t\t\t\t<\/h5>\n\t\t\t\t\n\t\t\t\t\t\t\t<\/div>\n\t\t\t\t\t\t\t\t<\/li>\n\n\t\t\t<li\n\t\t\tclass=\"sow-features-feature sow-icon-container-position-top\"\n\t\t\tstyle=\"display: flex; flex-direction: column; width: calc(16.667% - 25px);\"\n\t\t>\n\t\t\t\n\t\t\t\t\t\t<a\t\t\t\tclass=\"sow-icon-container sow-container-round\"\n\t\t\t\tstyle=\"color: #bababa; \"\n\t\t\t\t\n\t\t\t\t\t\t\t\t\thref=\"https:\/\/www.kuestenwanderweg-marseille.de\/it\/categoria-3\/arrivo-partenza\/\"\n\t\t\t\t\t\t\t\t>\n\t\t\t\t<span class=\"sow-icon-ionicons\" data-sow-icon=\"&#xf3b4;\"\n\t\tstyle=\"font-size: 24px; color: #757575\" \n\t\taria-hidden=\"true\"><\/span>\t\t\t<\/a>\n\n\t\t\t<div class=\"textwidget\">\n\t\t\t\t\n\t\t\t\t\t\t\t\t\t<h5 class=\"sow-features-feature-title\">\n\t\t\t\t\t\t\t\t\t\t\t\t\t<a\n\t\t\t\t\t\t\t\thref=\"https:\/\/www.kuestenwanderweg-marseille.de\/it\/categoria-3\/arrivo-partenza\/\"\n\t\t\t\t\t\t\t\t\t\t\t\t\t\t\t>\n\t\t\t\t\t\t\tArrivo\t\t\t\t\t\t\t<\/a>\n\t\t\t\t\t\t\t\t\t\t\t\t<\/h5>\n\t\t\t\t\n\t\t\t\t\t\t\t<\/div>\n\t\t\t\t\t\t\t\t<\/li>\n\n\t<\/ul>\n<\/div><\/div><\/div><\/div><div id=\"pg-54-1\"  class=\"panel-grid panel-no-style\" ><div id=\"pgc-54-1-0\"  class=\"panel-grid-cell\" ><div id=\"panel-54-1-0-0\" class=\"so-panel widget widget_sow-editor panel-first-child panel-last-child\" data-index=\"1\" ><div\n\t\t\t\n\t\t\tclass=\"so-widget-sow-editor so-widget-sow-editor-base\"\n\t\t\t\n\t\t><h3 class=\"widget-title\">Attraverso scogliere e fiordi in cinque tappe lungo la costa della Francia meridionale<\/h3>\n<div class=\"siteorigin-widget-tinymce textwidget\">\n\t<p>La costa mediterranea vicino a Marsiglia \u00e8 pi\u00f9 variegata di quanto si possa pensare ed \u00e8 unica e spettacolare: nelle immediate vicinanze di baie, spiagge e vigneti, ospita tra l'altro le scogliere pi\u00f9 alte della Francia. Chi vi sale gode di un'ottima vista su tutta la costa. Il \"Parc National des Calanques\" inizia a pochi chilometri dalle scogliere. Il cuore di questa riserva naturale \u00e8 il massiccio delle Calanques, un'aspra catena montuosa calcarea con baie simili a fiordi (chiamate \"calanques\" in francese) e piccole isole rocciose al largo. \u00c8 difficile credere che da qui al centro di Marsiglia ci siano solo pochi chilometri!<\/p>\n<p>La costa vicino a Marsiglia si presta quindi in modo eccellente come regione escursionistica! Lo abbiamo testato di persona nell'autunno 2018 durante un'escursione a lunga distanza in cinque tappe. Per la maggior parte abbiamo seguito il sentiero francese GR51, modificandolo un po' e aggiungendo i due sentieri costieri \"Sentier Littoral\" e \"Sentier Littoral\", segnalati in giallo.<span class=\"has-data\" data-field=\"name\" data-db-type=\"text\">Sentiero del Cap Canaille\" <\/span>combinato: Quest'ultimo, a differenza del GR51, conduce attraverso le scenografiche scogliere di Cap Canaille, assolutamente da non perdere!<\/p>\n<\/div>\n<\/div><\/div><\/div><div id=\"pgc-54-1-1\"  class=\"panel-grid-cell\" ><div id=\"panel-54-1-1-0\" class=\"so-panel widget widget_sow-image panel-first-child panel-last-child\" data-index=\"2\" ><div\n\t\t\t\n\t\t\tclass=\"so-widget-sow-image so-widget-sow-image-default-8b5b6f678277-54\"\n\t\t\t\n\t\t>\n<div class=\"sow-image-container\">\n\t\t\t<a href=\"https:\/\/www.kuestenwanderweg-marseille.de\/wp-content\/uploads\/K\u00fcstenwanderweg-Marseille-Etappe-1-Auf-dem-Sentier-Littoral.jpg\"\n\t\t\t\t\t>\n\t\t\t<img \n\tsrc=\"https:\/\/www.kuestenwanderweg-marseille.de\/wp-content\/uploads\/K\u00fcstenwanderweg-Marseille-Etappe-1-Auf-dem-Sentier-Littoral.jpg\" width=\"1201\" height=\"675\" srcset=\"https:\/\/www.kuestenwanderweg-marseille.de\/wp-content\/uploads\/K\u00fcstenwanderweg-Marseille-Etappe-1-Auf-dem-Sentier-Littoral.jpg 1201w, https:\/\/www.kuestenwanderweg-marseille.de\/wp-content\/uploads\/K\u00fcstenwanderweg-Marseille-Etappe-1-Auf-dem-Sentier-Littoral-500x281.jpg 500w, https:\/\/www.kuestenwanderweg-marseille.de\/wp-content\/uploads\/K\u00fcstenwanderweg-Marseille-Etappe-1-Auf-dem-Sentier-Littoral-768x432.jpg 768w, https:\/\/www.kuestenwanderweg-marseille.de\/wp-content\/uploads\/K\u00fcstenwanderweg-Marseille-Etappe-1-Auf-dem-Sentier-Littoral-1200x675.jpg 1200w, https:\/\/www.kuestenwanderweg-marseille.de\/wp-content\/uploads\/K\u00fcstenwanderweg-Marseille-Etappe-1-Auf-dem-Sentier-Littoral-620x349.jpg 620w, https:\/\/www.kuestenwanderweg-marseille.de\/wp-content\/uploads\/K\u00fcstenwanderweg-Marseille-Etappe-1-Auf-dem-Sentier-Littoral-400x225.jpg 400w\" sizes=\"(max-width: 1201px) 100vw, 1201px\" title=\"Sentiero costiero di Marsiglia - Tappa 1 - Sul Sentier Littoral\" alt=\"\" \t\tclass=\"so-widget-image\"\/>\n\t\t\t<\/a><\/div>\n\n<\/div><\/div><\/div><\/div><div id=\"pg-54-2\"  class=\"panel-grid panel-no-style\" ><div id=\"pgc-54-2-0\"  class=\"panel-grid-cell\" ><div id=\"panel-54-2-0-0\" class=\"so-panel widget widget_sow-image panel-first-child panel-last-child\" data-index=\"3\" ><div\n\t\t\t\n\t\t\tclass=\"so-widget-sow-image so-widget-sow-image-default-8b5b6f678277-54\"\n\t\t\t\n\t\t>\n<div class=\"sow-image-container\">\n\t\t\t<a href=\"https:\/\/www.kuestenwanderweg-marseille.de\/wp-content\/uploads\/K\u00fcstenwanderweg-Marseille-Etappe-4-Im-Parc-National-des-Calanques.jpg\"\n\t\t\t\t\t>\n\t\t\t<img \n\tsrc=\"https:\/\/www.kuestenwanderweg-marseille.de\/wp-content\/uploads\/K\u00fcstenwanderweg-Marseille-Etappe-4-Im-Parc-National-des-Calanques.jpg\" width=\"1200\" height=\"675\" srcset=\"https:\/\/www.kuestenwanderweg-marseille.de\/wp-content\/uploads\/K\u00fcstenwanderweg-Marseille-Etappe-4-Im-Parc-National-des-Calanques.jpg 1200w, https:\/\/www.kuestenwanderweg-marseille.de\/wp-content\/uploads\/K\u00fcstenwanderweg-Marseille-Etappe-4-Im-Parc-National-des-Calanques-500x281.jpg 500w, https:\/\/www.kuestenwanderweg-marseille.de\/wp-content\/uploads\/K\u00fcstenwanderweg-Marseille-Etappe-4-Im-Parc-National-des-Calanques-768x432.jpg 768w\" sizes=\"(max-width: 1200px) 100vw, 1200px\" title=\"Sentiero costiero di Marsiglia - Tappa 4 - Nel Parco Nazionale delle Calanques\" alt=\"\" \t\tclass=\"so-widget-image\"\/>\n\t\t\t<\/a><\/div>\n\n<\/div><\/div><\/div><div id=\"pgc-54-2-1\"  class=\"panel-grid-cell\" ><div id=\"panel-54-2-1-0\" class=\"so-panel widget widget_sow-editor panel-first-child\" data-index=\"4\" ><div\n\t\t\t\n\t\t\tclass=\"so-widget-sow-editor so-widget-sow-editor-base\"\n\t\t\t\n\t\t><h3 class=\"widget-title\">Guida alle escursioni online con molti consigli<\/h3>\n<div class=\"siteorigin-widget-tinymce textwidget\">\n\t<p>Ci piacciono le vacanze escursionistiche mediterranee con molta altitudine, poco bagaglio, molti panorami e belle sistemazioni! E come sempre, quando abbiamo trovato interessanti itinerari escursionistici a lunga percorrenza, abbiamo nuovamente compilato il nostro percorso e le nostre esperienze sul nostro sito web. Qui potete trovare una panoramica dei nostri consigli per le escursioni: <a href=\"https:\/\/www.wanderndeluxe.de\/fernwanderwege\/\" target=\"_blank\" rel=\"noopener\">www.wanderndeluxe.de\/fernwanderwege\/<\/a>.<\/p>\n<p>Divertitevi con le escursioni!<\/p>\n<p style=\"text-align: center;\"><strong>Frank e Christiane<\/strong><\/p>\n<\/div>\n<\/div><\/div><div id=\"panel-54-2-1-1\" class=\"so-panel widget widget_author_avatars panel-last-child\" data-index=\"5\" ><div class=\"author-list\"><div class=\"user user-1\" style=\"\"><span class=\"avatar\" title=\"\"><img alt='Foto avatar' src='https:\/\/www.kuestenwanderweg-marseille.de\/wp-content\/uploads\/Profil-Frank-2020-96x96.jpg' srcset='https:\/\/www.kuestenwanderweg-marseille.de\/wp-content\/uploads\/Profil-Frank-2020-96x96.jpg 2x' class='avatar avatar-96 photo' height='96' width='96' style=\"\"  \/><\/span><\/div><div class=\"user user-2\" style=\"\"><span class=\"avatar\" title=\"\"><img alt='Foto avatar' src='https:\/\/www.kuestenwanderweg-marseille.de\/wp-content\/uploads\/Avatar_Christiane_klein-96x96.jpg' srcset='https:\/\/www.kuestenwanderweg-marseille.de\/wp-content\/uploads\/Avatar_Christiane_klein-96x96.jpg 2x' class='avatar avatar-96 photo' height='96' width='96' style=\"\"  \/><\/span><\/div><\/div><\/div><\/div><\/div><\/div>","protected":false},"excerpt":{"rendered":"<p>Die Mittelmeerk\u00fcste bei Marseille ist abwechslungsreicher als man denken w\u00fcrde und dazu einzigartig spektakul\u00e4r: In direkter Nachbarschaft zu Buchten, Str\u00e4nden und Weinbergen sind hier unter anderem die h\u00f6chsten Klippen Frankreichs beheimatet. Wer diese erklimmt, hat einen hervorragenden Blick auf die gesamte K\u00fcstenlinie. Wenige Kilometer von den Klippen entfernt beginnt bereits der &#8222;Parc National des Calanques&#8220;. [&hellip;]<\/p>\n","protected":false},"author":1,"featured_media":0,"parent":0,"menu_order":0,"comment_status":"closed","ping_status":"closed","template":"home-panels.php","meta":{"footnotes":""},"class_list":["post-54","page","type-page","status-publish","hentry","post"],"_links":{"self":[{"href":"https:\/\/www.kuestenwanderweg-marseille.de\/it\/wp-json\/wp\/v2\/pages\/54","targetHints":{"allow":["GET"]}}],"collection":[{"href":"https:\/\/www.kuestenwanderweg-marseille.de\/it\/wp-json\/wp\/v2\/pages"}],"about":[{"href":"https:\/\/www.kuestenwanderweg-marseille.de\/it\/wp-json\/wp\/v2\/types\/page"}],"author":[{"embeddable":true,"href":"https:\/\/www.kuestenwanderweg-marseille.de\/it\/wp-json\/wp\/v2\/users\/1"}],"replies":[{"embeddable":true,"href":"https:\/\/www.kuestenwanderweg-marseille.de\/it\/wp-json\/wp\/v2\/comments?post=54"}],"version-history":[{"count":13,"href":"https:\/\/www.kuestenwanderweg-marseille.de\/it\/wp-json\/wp\/v2\/pages\/54\/revisions"}],"predecessor-version":[{"id":5355,"href":"https:\/\/www.kuestenwanderweg-marseille.de\/it\/wp-json\/wp\/v2\/pages\/54\/revisions\/5355"}],"wp:attachment":[{"href":"https:\/\/www.kuestenwanderweg-marseille.de\/it\/wp-json\/wp\/v2\/media?parent=54"}],"curies":[{"name":"wp","href":"https:\/\/api.w.org\/{rel}","templated":true}]}}